{"id":4042,"date":"2018-02-22T16:39:39","date_gmt":"2018-02-22T16:39:39","guid":{"rendered":"https:\/\/dev.kitronwinery.com\/%d7%a9%d7%99%d7%98%d7%aa-%d7%94%d7%92%d7%a8%d7%91%d7%99%d7%98%d7%a6%d7%99%d7%94-copy\/"},"modified":"2018-02-26T11:16:12","modified_gmt":"2018-02-26T11:16:12","slug":"filosofia-de-la-creacion","status":"publish","type":"page","link":"https:\/\/dev.kitronwinery.com\/es\/filosofia-de-la-creacion\/","title":{"rendered":"FILOSOF\u00cdA DE LA CREACI\u00d3N"},"content":{"rendered":"\t\t<div data-elementor-type=\"wp-page\" data-elementor-id=\"4042\" class=\"elementor elementor-4042 elementor-2434\" data-elementor-settings=\"[]\">\n\t\t\t\t\t\t<div class=\"elementor-inner\">\n\t\t\t\t\t\t\t<div class=\"elementor-section-wrap\">\n\t\t\t\t\t\t\t<section class=\"elementor-section elementor-top-section elementor-element elementor-element-ysyjlzx elementor-section-full_width elementor-section-height-min-height elementor-section-items-stretch page-banner elementor-section-height-default\" data-id=\"ysyjlzx\" data-element_type=\"section\" data-settings=\"{&quot;background_background&quot;:&quot;classic&quot;}\">\n\t\t\t\t\t\t\t<div class=\"elementor-background-overlay\"><\/div>\n\t\t\t\t\t\t\t<div class=\"elementor-container elementor-column-gap-default\">\n\t\t\t\t\t\t\t<div class=\"elementor-row\">\n\t\t\t\t\t<div class=\"elementor-column elementor-col-100 elementor-top-column elementor-element elementor-element-bucdvij\" data-id=\"bucdvij\" data-element_type=\"column\" data-settings=\"{&quot;background_background&quot;:&quot;gradient&quot;}\">\n\t\t\t<div class=\"elementor-column-wrap elementor-element-populated\">\n\t\t\t\t\t<div class=\"elementor-background-overlay\"><\/div>\n\t\t\t\t\t\t\t<div class=\"elementor-widget-wrap\">\n\t\t\t\t\t\t<div class=\"elementor-widget-slides elementor-element elementor-element-ciwvbcb elementor-invisible elementor-widget elementor-widget-text-editor\" data-id=\"ciwvbcb\" data-element_type=\"widget\" data-settings=\"{&quot;_animation&quot;:&quot;fadeInDown&quot;}\" data-widget_type=\"text-editor.default\">\n\t\t\t\t<div class=\"elementor-widget-container\">\n\t\t\t\t\t\t\t\t<div class=\"elementor-text-editor elementor-clearfix\">\n\t\t\t\t<p>FILOSOF\u00cdA DE LA CREACI\u00d3N<\/p>\t\t\t\t\t<\/div>\n\t\t\t\t\t\t<\/div>\n\t\t\t\t<\/div>\n\t\t\t\t<div class=\"elementor-widget-slides elementor-element elementor-element-5d2a2e2 animated-slow elementor-view-default elementor-invisible elementor-widget elementor-widget-global elementor-global-3158 elementor-widget-icon\" data-id=\"5d2a2e2\" data-element_type=\"widget\" id=\"scroll-page\" data-settings=\"{&quot;_animation&quot;:&quot;zoomIn&quot;}\" data-widget_type=\"icon.default\">\n\t\t\t\t<div class=\"elementor-widget-container\">\n\t\t\t\t\t<div class=\"elementor-icon-wrapper\">\n\t\t\t<a class=\"elementor-icon\" href=\"#scroll-page\">\n\t\t\t\t\t\t\t<i class=\"fa fa-arrow-down\" aria-hidden=\"true\"><\/i>\n\t\t\t\t\t\t<\/a>\n\t\t<\/div>\n\t\t\t\t<\/div>\n\t\t\t\t<\/div>\n\t\t\t\t\t\t<\/div>\n\t\t\t\t\t<\/div>\n\t\t<\/div>\n\t\t\t\t\t\t\t\t<\/div>\n\t\t\t\t\t<\/div>\n\t\t<\/section>\n\t\t\t\t<section class=\"elementor-section elementor-top-section elementor-element elementor-element-hrcglms elementor-section-boxed elementor-section-height-default elementor-section-height-default\" data-id=\"hrcglms\" data-element_type=\"section\">\n\t\t\t\t\t\t<div class=\"elementor-container elementor-column-gap-default\">\n\t\t\t\t\t\t\t<div class=\"elementor-row\">\n\t\t\t\t\t<div class=\"elementor-column elementor-col-100 elementor-top-column elementor-element elementor-element-idxxjvb\" data-id=\"idxxjvb\" data-element_type=\"column\">\n\t\t\t<div class=\"elementor-column-wrap elementor-element-populated\">\n\t\t\t\t\t\t\t<div class=\"elementor-widget-wrap\">\n\t\t\t\t\t\t<div class=\"elementor-widget-slides elementor-element elementor-element-jnqwgzr animated-fast elementor-invisible elementor-widget elementor-widget-text-editor\" data-id=\"jnqwgzr\" data-element_type=\"widget\" data-settings=\"{&quot;_animation&quot;:&quot;fadeIn&quot;}\" data-widget_type=\"text-editor.default\">\n\t\t\t\t<div class=\"elementor-widget-container\">\n\t\t\t\t\t\t\t\t<div class=\"elementor-text-editor elementor-clearfix\">\n\t\t\t\t<p>BODEGAS \u201cKITRON\u201d ES EL \u00daNICO EN EL PA\u00cdS<br \/>Y UNO DE LOS POCOS QUE HAY EN EL RESTO DEL MUNDO<br \/>CONSTRUIDO CON EL SISTEMA DE LA GRAVITACI\u00d3N.<\/p>\t\t\t\t\t<\/div>\n\t\t\t\t\t\t<\/div>\n\t\t\t\t<\/div>\n\t\t\t\t\t\t<\/div>\n\t\t\t\t\t<\/div>\n\t\t<\/div>\n\t\t\t\t\t\t\t\t<\/div>\n\t\t\t\t\t<\/div>\n\t\t<\/section>\n\t\t\t\t<section class=\"elementor-section elementor-top-section elementor-element elementor-element-48bf29a4 elementor-section-full_width elementor-section-height-default elementor-section-height-default\" data-id=\"48bf29a4\" data-element_type=\"section\" data-settings=\"{&quot;background_background&quot;:&quot;classic&quot;}\">\n\t\t\t\t\t\t<div class=\"elementor-container elementor-column-gap-default\">\n\t\t\t\t\t\t\t<div class=\"elementor-row\">\n\t\t\t\t\t<div class=\"elementor-column elementor-col-50 elementor-top-column elementor-element elementor-element-3ccff3b2\" data-id=\"3ccff3b2\" data-element_type=\"column\">\n\t\t\t<div class=\"elementor-column-wrap elementor-element-populated\">\n\t\t\t\t\t\t\t<div class=\"elementor-widget-wrap\">\n\t\t\t\t\t\t<div class=\"elementor-widget-slides elementor-element elementor-element-4ba2f8a6 animated-slow elementor-invisible elementor-widget elementor-widget-text-editor\" data-id=\"4ba2f8a6\" data-element_type=\"widget\" data-settings=\"{&quot;_animation&quot;:&quot;fadeIn&quot;}\" data-widget_type=\"text-editor.default\">\n\t\t\t\t<div class=\"elementor-widget-container\">\n\t\t\t\t\t\t\t\t<div class=\"elementor-text-editor elementor-clearfix\">\n\t\t\t\t<p style=\"direction: ltr;\"><strong>UNA BODEGA QUE SALE DE DEBAJO DE LA TIERRA<\/strong> \u2013 La estructura de la bodega y su arquitectura fueron planeadas y construidas durante muchos a\u00f1os, con esmero y una dedicada inversi\u00f3n. La planificaci\u00f3n profesional se llev\u00f3 a cabo por medio de una compa\u00f1\u00eda americana que se especializa en vi\u00f1edos por gravitaci\u00f3n, siendo el principal objetivo crear una armon\u00eda entre lo antiguo y lo moderno poniendo \u00e9nfasis en el profesionalismo. Y ello a efectos de llegar a una capacidad de producci\u00f3n de vino por gravitaci\u00f3n vali\u00e9ndose de un sistema nuevo y exclusivo de construcci\u00f3n, manteniendo al m\u00e1ximo lo org\u00e1nico y lo natural en la producci\u00f3n del vino.\u00a0<\/p><p>El vi\u00f1edo se levanta sobre 4 niveles adaptados a los procesos de elaboraci\u00f3n del vino seg\u00fan el tiempo de producci\u00f3n y las necesidades exactas aparejadas.<\/p>\t\t\t\t\t<\/div>\n\t\t\t\t\t\t<\/div>\n\t\t\t\t<\/div>\n\t\t\t\t\t\t<\/div>\n\t\t\t\t\t<\/div>\n\t\t<\/div>\n\t\t\t\t<div class=\"elementor-column elementor-col-50 elementor-top-column elementor-element elementor-element-60cc6b81\" data-id=\"60cc6b81\" data-element_type=\"column\">\n\t\t\t<div class=\"elementor-column-wrap elementor-element-populated\">\n\t\t\t\t\t\t\t<div class=\"elementor-widget-wrap\">\n\t\t\t\t\t\t<div class=\"elementor-widget-slides elementor-element elementor-element-lcfmyrx animated-slow elementor-invisible elementor-widget elementor-widget-image\" data-id=\"lcfmyrx\" data-element_type=\"widget\" data-settings=\"{&quot;_animation&quot;:&quot;fadeIn&quot;}\" data-widget_type=\"image.default\">\n\t\t\t\t<div class=\"elementor-widget-container\">\n\t\t\t\t\t\t\t\t<div class=\"elementor-image\">\n\t\t\t\t\t\t\t\t\t\t\t\t<img width=\"800\" height=\"600\" src=\"https:\/\/dev.kitronwinery.com\/wp-content\/uploads\/2017\/12\/1-3.jpg\" class=\"attachment-full size-full\" alt=\"\" loading=\"lazy\" \/>\t\t\t\t\t\t\t\t\t\t\t\t\t\t<\/div>\n\t\t\t\t\t\t<\/div>\n\t\t\t\t<\/div>\n\t\t\t\t\t\t<\/div>\n\t\t\t\t\t<\/div>\n\t\t<\/div>\n\t\t\t\t\t\t\t\t<\/div>\n\t\t\t\t\t<\/div>\n\t\t<\/section>\n\t\t\t\t<section class=\"elementor-section elementor-top-section elementor-element elementor-element-4c92dc9d elementor-section-full_width elementor-reverse-mobile elementor-section-height-default elementor-section-height-default\" data-id=\"4c92dc9d\" data-element_type=\"section\" data-settings=\"{&quot;background_background&quot;:&quot;classic&quot;}\">\n\t\t\t\t\t\t<div class=\"elementor-container elementor-column-gap-default\">\n\t\t\t\t\t\t\t<div class=\"elementor-row\">\n\t\t\t\t\t<div class=\"elementor-column elementor-col-50 elementor-top-column elementor-element elementor-element-45fb740c\" data-id=\"45fb740c\" data-element_type=\"column\">\n\t\t\t<div class=\"elementor-column-wrap elementor-element-populated\">\n\t\t\t\t\t\t\t<div class=\"elementor-widget-wrap\">\n\t\t\t\t\t\t<div class=\"elementor-widget-slides elementor-element elementor-element-hbdpnuw animated-fast elementor-invisible elementor-widget elementor-widget-image\" data-id=\"hbdpnuw\" data-element_type=\"widget\" data-settings=\"{&quot;_animation&quot;:&quot;fadeIn&quot;}\" data-widget_type=\"image.default\">\n\t\t\t\t<div class=\"elementor-widget-container\">\n\t\t\t\t\t\t\t\t<div class=\"elementor-image\">\n\t\t\t\t\t\t\t\t\t\t\t\t<img src=\"https:\/\/dev.kitronwinery.com\/wp-content\/uploads\/2018\/02\/\u05e4\u05d9\u05dc\u05d5\u05e1\u05d5\u05e4\u05d9\u05d4.jpg\" title=\"\" alt=\"\" \/>\t\t\t\t\t\t\t\t\t\t\t\t\t\t<\/div>\n\t\t\t\t\t\t<\/div>\n\t\t\t\t<\/div>\n\t\t\t\t\t\t<\/div>\n\t\t\t\t\t<\/div>\n\t\t<\/div>\n\t\t\t\t<div class=\"elementor-column elementor-col-50 elementor-top-column elementor-element elementor-element-14c6fcef\" data-id=\"14c6fcef\" data-element_type=\"column\">\n\t\t\t<div class=\"elementor-column-wrap elementor-element-populated\">\n\t\t\t\t\t\t\t<div class=\"elementor-widget-wrap\">\n\t\t\t\t\t\t<div class=\"elementor-widget-slides elementor-element elementor-element-1cbf717d animated-fast elementor-invisible elementor-widget elementor-widget-text-editor\" data-id=\"1cbf717d\" data-element_type=\"widget\" data-settings=\"{&quot;_animation&quot;:&quot;fadeIn&quot;}\" data-widget_type=\"text-editor.default\">\n\t\t\t\t<div class=\"elementor-widget-container\">\n\t\t\t\t\t\t\t\t<div class=\"elementor-text-editor elementor-clearfix\">\n\t\t\t\t<p style=\"direction: ltr;\"><strong>EL ARTE DE LA GRAVITACI\u00d3N<\/strong> \u2013 El sistema de producci\u00f3n, la gravitaci\u00f3n, propicia una intervenci\u00f3n m\u00ednima de personal y un uso m\u00e1ximo de las fuerzas de la naturaleza. Permite que el vino pase por todos los procesos en su ambiente natural sin perjudicar ni a la uva ni a la semilla, como resultado de la s\u00f3lida creencia que un vino exacto y puro es un vino que se mantuvo apartado.<\/p><p style=\"direction: ltr;\">El libre flujo del vino de un nivel al otro sin usar bombas sino por la fuerza de la gravedad \u00fanicamente, siendo \u00e9sta una de las fuerzas b\u00e1sicas de la naturaleza, produce un vino redondo con un dejo suave, que no produce gusto amargo. Se trata de un sistema que est\u00e1 llevando al mundo de los vinos a nuevos y asombrosos logros.<\/p><p style=\"direction: ltr;\">\u00a0<\/p>\t\t\t\t\t<\/div>\n\t\t\t\t\t\t<\/div>\n\t\t\t\t<\/div>\n\t\t\t\t\t\t<\/div>\n\t\t\t\t\t<\/div>\n\t\t<\/div>\n\t\t\t\t\t\t\t\t<\/div>\n\t\t\t\t\t<\/div>\n\t\t<\/section>\n\t\t\t\t\t\t<\/div>\n\t\t\t\t\t\t<\/div>\n\t\t\t\t\t<\/div>\n\t\t","protected":false},"excerpt":{"rendered":"<p>FILOSOF\u00cdA DE LA CREACI\u00d3N BODEGAS \u201cKITRON\u201d ES EL \u00daNICO EN EL PA\u00cdSY UNO DE LOS POCOS QUE HAY EN EL RESTO DEL MUNDOCONSTRUIDO CON EL SISTEMA DE LA GRAVITACI\u00d3N. UNA BODEGA QUE SALE DE DEBAJO DE LA TIERRA \u2013 La estructura de la bodega y su arquitectura fueron planeadas y construidas durante muchos a\u00f1os, con [&hellip;]<\/p>\n","protected":false},"author":3,"featured_media":0,"parent":0,"menu_order":0,"comment_status":"open","ping_status":"closed","template":"","meta":[],"yoast_head":"<!-- This site is optimized with the Yoast SEO plugin v16.9 - https:\/\/yoast.com\/wordpress\/plugins\/seo\/ -->\n<meta name=\"robots\" content=\"noindex, follow, max-snippet:-1, max-image-preview:large, max-video-preview:-1\" \/>\n<meta property=\"og:locale\" content=\"es_ES\" \/>\n<meta property=\"og:type\" content=\"article\" \/>\n<meta property=\"og:title\" content=\"FILOSOF\u00cdA DE LA CREACI\u00d3N - KITRON\" \/>\n<meta property=\"og:description\" content=\"FILOSOF\u00cdA DE LA CREACI\u00d3N BODEGAS \u201cKITRON\u201d ES EL \u00daNICO EN EL PA\u00cdSY UNO DE LOS POCOS QUE HAY EN EL RESTO DEL MUNDOCONSTRUIDO CON EL SISTEMA DE LA GRAVITACI\u00d3N. UNA BODEGA QUE SALE DE DEBAJO DE LA TIERRA \u2013 La estructura de la bodega y su arquitectura fueron planeadas y construidas durante muchos a\u00f1os, con [&hellip;]\" \/>\n<meta property=\"og:url\" content=\"https:\/\/dev.kitronwinery.com\/es\/filosofia-de-la-creacion\/\" \/>\n<meta property=\"og:site_name\" content=\"KITRON\" \/>\n<meta property=\"article:modified_time\" content=\"2018-02-26T11:16:12+00:00\" \/>\n<meta property=\"og:image\" content=\"https:\/\/dev.kitronwinery.com\/wp-content\/uploads\/2017\/12\/1-3.jpg\" \/>\n<meta name=\"twitter:card\" content=\"summary\" \/>\n<meta name=\"twitter:label1\" content=\"Est. reading time\" \/>\n\t<meta name=\"twitter:data1\" content=\"2 minutes\" \/>\n<script type=\"application\/ld+json\" class=\"yoast-schema-graph\">{\"@context\":\"https:\/\/schema.org\",\"@graph\":[{\"@type\":\"WebSite\",\"@id\":\"https:\/\/dev.kitronwinery.com\/#website\",\"url\":\"https:\/\/dev.kitronwinery.com\/\",\"name\":\"KITRON\",\"description\":\"\\u05d9\\u05e7\\u05d1 \\u05e7\\u05d9\\u05d8\\u05e8\\u05d5\\u05df\",\"potentialAction\":[{\"@type\":\"SearchAction\",\"target\":{\"@type\":\"EntryPoint\",\"urlTemplate\":\"https:\/\/dev.kitronwinery.com\/?s={search_term_string}\"},\"query-input\":\"required name=search_term_string\"}],\"inLanguage\":\"es-ES\"},{\"@type\":\"ImageObject\",\"@id\":\"https:\/\/dev.kitronwinery.com\/es\/filosofia-de-la-creacion\/#primaryimage\",\"inLanguage\":\"es-ES\",\"url\":\"https:\/\/dev.kitronwinery.com\/wp-content\/uploads\/2017\/12\/1-3.jpg\",\"contentUrl\":\"https:\/\/dev.kitronwinery.com\/wp-content\/uploads\/2017\/12\/1-3.jpg\",\"width\":800,\"height\":600},{\"@type\":\"WebPage\",\"@id\":\"https:\/\/dev.kitronwinery.com\/es\/filosofia-de-la-creacion\/#webpage\",\"url\":\"https:\/\/dev.kitronwinery.com\/es\/filosofia-de-la-creacion\/\",\"name\":\"FILOSOF\\u00cdA DE LA CREACI\\u00d3N - KITRON\",\"isPartOf\":{\"@id\":\"https:\/\/dev.kitronwinery.com\/#website\"},\"primaryImageOfPage\":{\"@id\":\"https:\/\/dev.kitronwinery.com\/es\/filosofia-de-la-creacion\/#primaryimage\"},\"datePublished\":\"2018-02-22T16:39:39+00:00\",\"dateModified\":\"2018-02-26T11:16:12+00:00\",\"breadcrumb\":{\"@id\":\"https:\/\/dev.kitronwinery.com\/es\/filosofia-de-la-creacion\/#breadcrumb\"},\"inLanguage\":\"es-ES\",\"potentialAction\":[{\"@type\":\"ReadAction\",\"target\":[\"https:\/\/dev.kitronwinery.com\/es\/filosofia-de-la-creacion\/\"]}]},{\"@type\":\"BreadcrumbList\",\"@id\":\"https:\/\/dev.kitronwinery.com\/es\/filosofia-de-la-creacion\/#breadcrumb\",\"itemListElement\":[{\"@type\":\"ListItem\",\"position\":1,\"name\":\"Accueil\",\"item\":\"https:\/\/dev.kitronwinery.com\/es\/\"},{\"@type\":\"ListItem\",\"position\":2,\"name\":\"FILOSOF\\u00cdA DE LA CREACI\\u00d3N\"}]}]}<\/script>\n<!-- \/ Yoast SEO plugin. -->","yoast_head_json":{"robots":{"index":"noindex","follow":"follow","max-snippet":"max-snippet:-1","max-image-preview":"max-image-preview:large","max-video-preview":"max-video-preview:-1"},"og_locale":"es_ES","og_type":"article","og_title":"FILOSOF\u00cdA DE LA CREACI\u00d3N - KITRON","og_description":"FILOSOF\u00cdA DE LA CREACI\u00d3N BODEGAS \u201cKITRON\u201d ES EL \u00daNICO EN EL PA\u00cdSY UNO DE LOS POCOS QUE HAY EN EL RESTO DEL MUNDOCONSTRUIDO CON EL SISTEMA DE LA GRAVITACI\u00d3N. UNA BODEGA QUE SALE DE DEBAJO DE LA TIERRA \u2013 La estructura de la bodega y su arquitectura fueron planeadas y construidas durante muchos a\u00f1os, con [&hellip;]","og_url":"https:\/\/dev.kitronwinery.com\/es\/filosofia-de-la-creacion\/","og_site_name":"KITRON","article_modified_time":"2018-02-26T11:16:12+00:00","og_image":[{"url":"https:\/\/dev.kitronwinery.com\/wp-content\/uploads\/2017\/12\/1-3.jpg"}],"twitter_card":"summary","twitter_misc":{"Est. reading time":"2 minutes"},"schema":{"@context":"https:\/\/schema.org","@graph":[{"@type":"WebSite","@id":"https:\/\/dev.kitronwinery.com\/#website","url":"https:\/\/dev.kitronwinery.com\/","name":"KITRON","description":"\u05d9\u05e7\u05d1 \u05e7\u05d9\u05d8\u05e8\u05d5\u05df","potentialAction":[{"@type":"SearchAction","target":{"@type":"EntryPoint","urlTemplate":"https:\/\/dev.kitronwinery.com\/?s={search_term_string}"},"query-input":"required name=search_term_string"}],"inLanguage":"es-ES"},{"@type":"ImageObject","@id":"https:\/\/dev.kitronwinery.com\/es\/filosofia-de-la-creacion\/#primaryimage","inLanguage":"es-ES","url":"https:\/\/dev.kitronwinery.com\/wp-content\/uploads\/2017\/12\/1-3.jpg","contentUrl":"https:\/\/dev.kitronwinery.com\/wp-content\/uploads\/2017\/12\/1-3.jpg","width":800,"height":600},{"@type":"WebPage","@id":"https:\/\/dev.kitronwinery.com\/es\/filosofia-de-la-creacion\/#webpage","url":"https:\/\/dev.kitronwinery.com\/es\/filosofia-de-la-creacion\/","name":"FILOSOF\u00cdA DE LA CREACI\u00d3N - KITRON","isPartOf":{"@id":"https:\/\/dev.kitronwinery.com\/#website"},"primaryImageOfPage":{"@id":"https:\/\/dev.kitronwinery.com\/es\/filosofia-de-la-creacion\/#primaryimage"},"datePublished":"2018-02-22T16:39:39+00:00","dateModified":"2018-02-26T11:16:12+00:00","breadcrumb":{"@id":"https:\/\/dev.kitronwinery.com\/es\/filosofia-de-la-creacion\/#breadcrumb"},"inLanguage":"es-ES","potentialAction":[{"@type":"ReadAction","target":["https:\/\/dev.kitronwinery.com\/es\/filosofia-de-la-creacion\/"]}]},{"@type":"BreadcrumbList","@id":"https:\/\/dev.kitronwinery.com\/es\/filosofia-de-la-creacion\/#breadcrumb","itemListElement":[{"@type":"ListItem","position":1,"name":"Accueil","item":"https:\/\/dev.kitronwinery.com\/es\/"},{"@type":"ListItem","position":2,"name":"FILOSOF\u00cdA DE LA CREACI\u00d3N"}]}]}},"_links":{"self":[{"href":"https:\/\/dev.kitronwinery.com\/es\/wp-json\/wp\/v2\/pages\/4042"}],"collection":[{"href":"https:\/\/dev.kitronwinery.com\/es\/wp-json\/wp\/v2\/pages"}],"about":[{"href":"https:\/\/dev.kitronwinery.com\/es\/wp-json\/wp\/v2\/types\/page"}],"author":[{"embeddable":true,"href":"https:\/\/dev.kitronwinery.com\/es\/wp-json\/wp\/v2\/users\/3"}],"replies":[{"embeddable":true,"href":"https:\/\/dev.kitronwinery.com\/es\/wp-json\/wp\/v2\/comments?post=4042"}],"version-history":[{"count":4,"href":"https:\/\/dev.kitronwinery.com\/es\/wp-json\/wp\/v2\/pages\/4042\/revisions"}],"predecessor-version":[{"id":4166,"href":"https:\/\/dev.kitronwinery.com\/es\/wp-json\/wp\/v2\/pages\/4042\/revisions\/4166"}],"wp:attachment":[{"href":"https:\/\/dev.kitronwinery.com\/es\/wp-json\/wp\/v2\/media?parent=4042"}],"curies":[{"name":"wp","href":"https:\/\/api.w.org\/{rel}","templated":true}]}}