{"id":4038,"date":"2018-02-22T16:33:37","date_gmt":"2018-02-22T16:33:37","guid":{"rendered":"https:\/\/dev.kitronwinery.com\/%d7%aa%d7%95%d7%93%d7%94-copy\/"},"modified":"2018-02-22T16:34:48","modified_gmt":"2018-02-22T16:34:48","slug":"gracias","status":"publish","type":"page","link":"https:\/\/dev.kitronwinery.com\/es\/gracias\/","title":{"rendered":"Gracias"},"content":{"rendered":"\t\t<div data-elementor-type=\"wp-page\" data-elementor-id=\"4038\" class=\"elementor elementor-4038 elementor-3699 elementor-bc-flex-widget\" data-elementor-settings=\"[]\">\n\t\t\t\t\t\t<div class=\"elementor-inner\">\n\t\t\t\t\t\t\t<div class=\"elementor-section-wrap\">\n\t\t\t\t\t\t\t<section class=\"elementor-section elementor-top-section elementor-element elementor-element-houxuba elementor-section-boxed elementor-section-height-default elementor-section-height-default\" data-id=\"houxuba\" data-element_type=\"section\" id=\"page\" data-settings=\"{&quot;background_background&quot;:&quot;classic&quot;}\">\n\t\t\t\t\t\t<div class=\"elementor-container elementor-column-gap-default\">\n\t\t\t\t\t\t\t<div class=\"elementor-row\">\n\t\t\t\t\t<div class=\"elementor-column elementor-col-100 elementor-top-column elementor-element elementor-element-umpluni\" data-id=\"umpluni\" data-element_type=\"column\" data-settings=\"{&quot;background_background&quot;:&quot;classic&quot;}\">\n\t\t\t<div class=\"elementor-column-wrap elementor-element-populated\">\n\t\t\t\t\t\t\t<div class=\"elementor-widget-wrap\">\n\t\t\t\t\t\t<div class=\"elementor-widget-slides elementor-element elementor-element-8df36b4 elementor-widget elementor-widget-spacer\" data-id=\"8df36b4\" data-element_type=\"widget\" data-widget_type=\"spacer.default\">\n\t\t\t\t<div class=\"elementor-widget-container\">\n\t\t\t\t\t<div class=\"elementor-spacer\">\n\t\t\t<div class=\"elementor-spacer-inner\"><\/div>\n\t\t<\/div>\n\t\t\t\t<\/div>\n\t\t\t\t<\/div>\n\t\t\t\t<div class=\"elementor-widget-slides elementor-element elementor-element-6e26eea elementor-widget elementor-widget-heading\" data-id=\"6e26eea\" data-element_type=\"widget\" data-widget_type=\"heading.default\">\n\t\t\t\t<div class=\"elementor-widget-container\">\n\t\t\t<h2 class=\"elementor-heading-title elementor-size-default\">Detalles enviados con \u00e9xito!\n<\/h2>\t\t<\/div>\n\t\t\t\t<\/div>\n\t\t\t\t<div class=\"elementor-widget-slides elementor-element elementor-element-f5c6363 elementor-widget elementor-widget-heading\" data-id=\"f5c6363\" data-element_type=\"widget\" data-widget_type=\"heading.default\">\n\t\t\t\t<div class=\"elementor-widget-container\">\n\t\t\t<h3 class=\"elementor-heading-title elementor-size-default\">Nuestro representante le devolver\u00e1 lo m\u00e1s pronto posible\n<\/h3>\t\t<\/div>\n\t\t\t\t<\/div>\n\t\t\t\t<div class=\"elementor-widget-slides elementor-element elementor-element-47d9240 elementor-widget elementor-widget-spacer\" data-id=\"47d9240\" data-element_type=\"widget\" data-widget_type=\"spacer.default\">\n\t\t\t\t<div class=\"elementor-widget-container\">\n\t\t\t\t\t<div class=\"elementor-spacer\">\n\t\t\t<div class=\"elementor-spacer-inner\"><\/div>\n\t\t<\/div>\n\t\t\t\t<\/div>\n\t\t\t\t<\/div>\n\t\t\t\t\t\t<\/div>\n\t\t\t\t\t<\/div>\n\t\t<\/div>\n\t\t\t\t\t\t\t\t<\/div>\n\t\t\t\t\t<\/div>\n\t\t<\/section>\n\t\t\t\t\t\t<\/div>\n\t\t\t\t\t\t<\/div>\n\t\t\t\t\t<\/div>\n\t\t","protected":false},"excerpt":{"rendered":"<p>Detalles enviados con \u00e9xito! Nuestro representante le devolver\u00e1 lo m\u00e1s pronto posible<\/p>\n","protected":false},"author":3,"featured_media":0,"parent":0,"menu_order":0,"comment_status":"open","ping_status":"closed","template":"","meta":[],"yoast_head":"<!-- This site is optimized with the Yoast SEO plugin v16.9 - https:\/\/yoast.com\/wordpress\/plugins\/seo\/ -->\n<meta name=\"robots\" content=\"noindex, follow, max-snippet:-1, max-image-preview:large, max-video-preview:-1\" \/>\n<meta property=\"og:locale\" content=\"es_ES\" \/>\n<meta property=\"og:type\" content=\"article\" \/>\n<meta property=\"og:title\" content=\"Gracias - KITRON\" \/>\n<meta property=\"og:description\" content=\"Detalles enviados con \u00e9xito! Nuestro representante le devolver\u00e1 lo m\u00e1s pronto posible\" \/>\n<meta property=\"og:url\" content=\"https:\/\/dev.kitronwinery.com\/es\/gracias\/\" \/>\n<meta property=\"og:site_name\" content=\"KITRON\" \/>\n<meta property=\"article:modified_time\" content=\"2018-02-22T16:34:48+00:00\" \/>\n<meta name=\"twitter:card\" content=\"summary\" \/>\n<script type=\"application\/ld+json\" class=\"yoast-schema-graph\">{\"@context\":\"https:\/\/schema.org\",\"@graph\":[{\"@type\":\"WebSite\",\"@id\":\"https:\/\/dev.kitronwinery.com\/#website\",\"url\":\"https:\/\/dev.kitronwinery.com\/\",\"name\":\"KITRON\",\"description\":\"\\u05d9\\u05e7\\u05d1 \\u05e7\\u05d9\\u05d8\\u05e8\\u05d5\\u05df\",\"potentialAction\":[{\"@type\":\"SearchAction\",\"target\":{\"@type\":\"EntryPoint\",\"urlTemplate\":\"https:\/\/dev.kitronwinery.com\/?s={search_term_string}\"},\"query-input\":\"required name=search_term_string\"}],\"inLanguage\":\"es-ES\"},{\"@type\":\"WebPage\",\"@id\":\"https:\/\/dev.kitronwinery.com\/es\/gracias\/#webpage\",\"url\":\"https:\/\/dev.kitronwinery.com\/es\/gracias\/\",\"name\":\"Gracias - KITRON\",\"isPartOf\":{\"@id\":\"https:\/\/dev.kitronwinery.com\/#website\"},\"datePublished\":\"2018-02-22T16:33:37+00:00\",\"dateModified\":\"2018-02-22T16:34:48+00:00\",\"breadcrumb\":{\"@id\":\"https:\/\/dev.kitronwinery.com\/es\/gracias\/#breadcrumb\"},\"inLanguage\":\"es-ES\",\"potentialAction\":[{\"@type\":\"ReadAction\",\"target\":[\"https:\/\/dev.kitronwinery.com\/es\/gracias\/\"]}]},{\"@type\":\"BreadcrumbList\",\"@id\":\"https:\/\/dev.kitronwinery.com\/es\/gracias\/#breadcrumb\",\"itemListElement\":[{\"@type\":\"ListItem\",\"position\":1,\"name\":\"Accueil\",\"item\":\"https:\/\/dev.kitronwinery.com\/es\/\"},{\"@type\":\"ListItem\",\"position\":2,\"name\":\"Gracias\"}]}]}<\/script>\n<!-- \/ Yoast SEO plugin. -->","yoast_head_json":{"robots":{"index":"noindex","follow":"follow","max-snippet":"max-snippet:-1","max-image-preview":"max-image-preview:large","max-video-preview":"max-video-preview:-1"},"og_locale":"es_ES","og_type":"article","og_title":"Gracias - KITRON","og_description":"Detalles enviados con \u00e9xito! Nuestro representante le devolver\u00e1 lo m\u00e1s pronto posible","og_url":"https:\/\/dev.kitronwinery.com\/es\/gracias\/","og_site_name":"KITRON","article_modified_time":"2018-02-22T16:34:48+00:00","twitter_card":"summary","schema":{"@context":"https:\/\/schema.org","@graph":[{"@type":"WebSite","@id":"https:\/\/dev.kitronwinery.com\/#website","url":"https:\/\/dev.kitronwinery.com\/","name":"KITRON","description":"\u05d9\u05e7\u05d1 \u05e7\u05d9\u05d8\u05e8\u05d5\u05df","potentialAction":[{"@type":"SearchAction","target":{"@type":"EntryPoint","urlTemplate":"https:\/\/dev.kitronwinery.com\/?s={search_term_string}"},"query-input":"required name=search_term_string"}],"inLanguage":"es-ES"},{"@type":"WebPage","@id":"https:\/\/dev.kitronwinery.com\/es\/gracias\/#webpage","url":"https:\/\/dev.kitronwinery.com\/es\/gracias\/","name":"Gracias - KITRON","isPartOf":{"@id":"https:\/\/dev.kitronwinery.com\/#website"},"datePublished":"2018-02-22T16:33:37+00:00","dateModified":"2018-02-22T16:34:48+00:00","breadcrumb":{"@id":"https:\/\/dev.kitronwinery.com\/es\/gracias\/#breadcrumb"},"inLanguage":"es-ES","potentialAction":[{"@type":"ReadAction","target":["https:\/\/dev.kitronwinery.com\/es\/gracias\/"]}]},{"@type":"BreadcrumbList","@id":"https:\/\/dev.kitronwinery.com\/es\/gracias\/#breadcrumb","itemListElement":[{"@type":"ListItem","position":1,"name":"Accueil","item":"https:\/\/dev.kitronwinery.com\/es\/"},{"@type":"ListItem","position":2,"name":"Gracias"}]}]}},"_links":{"self":[{"href":"https:\/\/dev.kitronwinery.com\/es\/wp-json\/wp\/v2\/pages\/4038"}],"collection":[{"href":"https:\/\/dev.kitronwinery.com\/es\/wp-json\/wp\/v2\/pages"}],"about":[{"href":"https:\/\/dev.kitronwinery.com\/es\/wp-json\/wp\/v2\/types\/page"}],"author":[{"embeddable":true,"href":"https:\/\/dev.kitronwinery.com\/es\/wp-json\/wp\/v2\/users\/3"}],"replies":[{"embeddable":true,"href":"https:\/\/dev.kitronwinery.com\/es\/wp-json\/wp\/v2\/comments?post=4038"}],"version-history":[{"count":2,"href":"https:\/\/dev.kitronwinery.com\/es\/wp-json\/wp\/v2\/pages\/4038\/revisions"}],"predecessor-version":[{"id":4040,"href":"https:\/\/dev.kitronwinery.com\/es\/wp-json\/wp\/v2\/pages\/4038\/revisions\/4040"}],"wp:attachment":[{"href":"https:\/\/dev.kitronwinery.com\/es\/wp-json\/wp\/v2\/media?parent=4038"}],"curies":[{"name":"wp","href":"https:\/\/api.w.org\/{rel}","templated":true}]}}